{"id":549,"date":"2022-08-27T08:23:21","date_gmt":"2022-08-27T14:23:21","guid":{"rendered":"https:\/\/adelunacostarica.com\/?page_id=549"},"modified":"2023-10-10T13:03:00","modified_gmt":"2023-10-10T19:03:00","slug":"location","status":"publish","type":"page","link":"https:\/\/adelunacostarica.com\/es\/home\/location\/","title":{"rendered":"UBICACI\u00d3N"},"content":{"rendered":"<div class=\"wp-block-group alignwide is-layout-flow wp-block-group-is-layout-flow\">\n<div class=\"wp-block-columns is-layout-flex wp-container-core-columns-is-layout-28f84493 wp-block-columns-is-layout-flex\">\n<div class=\"wp-block-column is-layout-flow wp-block-column-is-layout-flow\">\n<div class=\"wp-block-columns is-layout-flex wp-container-core-columns-is-layout-28f84493 wp-block-columns-is-layout-flex\">\n<div class=\"wp-block-column is-layout-flow wp-block-column-is-layout-flow\" style=\"flex-basis:20%\">\n<div style=\"height:8px\" aria-hidden=\"true\" class=\"wp-block-spacer\"><\/div>\n\n\n\n<ul class=\"wp-block-social-links has-normal-icon-size has-icon-color has-icon-background-color is-content-justification-center is-layout-flex wp-container-core-social-links-is-layout-a89b3969 wp-block-social-links-is-layout-flex\"><li style=\"color:#ffffff;background-color:#000000;\" class=\"wp-social-link wp-social-link-instagram has-background-color has-black-background-color wp-block-social-link\"><a href=\"https:\/\/www.instagram.com\/adelunacostarica\/\" class=\"wp-block-social-link-anchor\"><svg width=\"24\" height=\"24\" viewbox=\"0 0 24 24\" version=\"1.1\" xmlns=\"http:\/\/www.w3.org\/2000\/svg\" aria-hidden=\"true\" focusable=\"false\"><path d=\"M12,4.622c2.403,0,2.688,0.009,3.637,0.052c0.877,0.04,1.354,0.187,1.671,0.31c0.42,0.163,0.72,0.358,1.035,0.673 c0.315,0.315,0.51,0.615,0.673,1.035c0.123,0.317,0.27,0.794,0.31,1.671c0.043,0.949,0.052,1.234,0.052,3.637 s-0.009,2.688-0.052,3.637c-0.04,0.877-0.187,1.354-0.31,1.671c-0.163,0.42-0.358,0.72-0.673,1.035 c-0.315,0.315-0.615,0.51-1.035,0.673c-0.317,0.123-0.794,0.27-1.671,0.31c-0.949,0.043-1.233,0.052-3.637,0.052 s-2.688-0.009-3.637-0.052c-0.877-0.04-1.354-0.187-1.671-0.31c-0.42-0.163-0.72-0.358-1.035-0.673 c-0.315-0.315-0.51-0.615-0.673-1.035c-0.123-0.317-0.27-0.794-0.31-1.671C4.631,14.688,4.622,14.403,4.622,12 s0.009-2.688,0.052-3.637c0.04-0.877,0.187-1.354,0.31-1.671c0.163-0.42,0.358-0.72,0.673-1.035 c0.315-0.315,0.615-0.51,1.035-0.673c0.317-0.123,0.794-0.27,1.671-0.31C9.312,4.631,9.597,4.622,12,4.622 M12,3 C9.556,3,9.249,3.01,8.289,3.054C7.331,3.098,6.677,3.25,6.105,3.472C5.513,3.702,5.011,4.01,4.511,4.511 c-0.5,0.5-0.808,1.002-1.038,1.594C3.25,6.677,3.098,7.331,3.054,8.289C3.01,9.249,3,9.556,3,12c0,2.444,0.01,2.751,0.054,3.711 c0.044,0.958,0.196,1.612,0.418,2.185c0.23,0.592,0.538,1.094,1.038,1.594c0.5,0.5,1.002,0.808,1.594,1.038 c0.572,0.222,1.227,0.375,2.185,0.418C9.249,20.99,9.556,21,12,21s2.751-0.01,3.711-0.054c0.958-0.044,1.612-0.196,2.185-0.418 c0.592-0.23,1.094-0.538,1.594-1.038c0.5-0.5,0.808-1.002,1.038-1.594c0.222-0.572,0.375-1.227,0.418-2.185 C20.99,14.751,21,14.444,21,12s-0.01-2.751-0.054-3.711c-0.044-0.958-0.196-1.612-0.418-2.185c-0.23-0.592-0.538-1.094-1.038-1.594 c-0.5-0.5-1.002-0.808-1.594-1.038c-0.572-0.222-1.227-0.375-2.185-0.418C14.751,3.01,14.444,3,12,3L12,3z M12,7.378 c-2.552,0-4.622,2.069-4.622,4.622S9.448,16.622,12,16.622s4.622-2.069,4.622-4.622S14.552,7.378,12,7.378z M12,15 c-1.657,0-3-1.343-3-3s1.343-3,3-3s3,1.343,3,3S13.657,15,12,15z M16.804,6.116c-0.596,0-1.08,0.484-1.08,1.08 s0.484,1.08,1.08,1.08c0.596,0,1.08-0.484,1.08-1.08S17.401,6.116,16.804,6.116z\"><\/path><\/svg><span class=\"wp-block-social-link-label screen-reader-text\">Instagram<\/span><\/a><\/li>\n\n<li style=\"color:#ffffff;background-color:#000000;\" class=\"wp-social-link wp-social-link-facebook has-background-color has-black-background-color wp-block-social-link\"><a href=\"https:\/\/www.facebook.com\/adelunacostarica\/?ref=pages_you_manage\" class=\"wp-block-social-link-anchor\"><svg width=\"24\" height=\"24\" viewbox=\"0 0 24 24\" version=\"1.1\" xmlns=\"http:\/\/www.w3.org\/2000\/svg\" aria-hidden=\"true\" focusable=\"false\"><path d=\"M12 2C6.5 2 2 6.5 2 12c0 5 3.7 9.1 8.4 9.9v-7H7.9V12h2.5V9.8c0-2.5 1.5-3.9 3.8-3.9 1.1 0 2.2.2 2.2.2v2.5h-1.3c-1.2 0-1.6.8-1.6 1.6V12h2.8l-.4 2.9h-2.3v7C18.3 21.1 22 17 22 12c0-5.5-4.5-10-10-10z\"><\/path><\/svg><span class=\"wp-block-social-link-label screen-reader-text\">Facebook<\/span><\/a><\/li>\n\n<li style=\"color:#ffffff;background-color:#000000;\" class=\"wp-social-link wp-social-link-google has-background-color has-black-background-color wp-block-social-link\"><a href=\"https:\/\/www.google.com\/search?q=Adeluna+Luxury+Villas&#038;stick=H4sIAAAAAAAAAONgU1I1qLBIs0wzMzVIszA1NUsxNja2MqgwMzO2sDA1SDE0TUo0SbNIXcQq6piSmlOal6jgU1pRWlSpEJaZk5NYDAAD9QrYQQAAAA&#038;hl=es-419&#038;mat=CfMAFeMzX2VqElYBNqvzOgKeZhcGyizXRa2zwD51TqJTd9uPX4dWU1mGJWG7FQbxe65b46q6Ovgs7Kxr21ekLZfT3TULmJuL--7V6xM1DBTRxzTB_u2rim8_Jr7ygnXfBA&#038;authuser=0\" class=\"wp-block-social-link-anchor\"><svg width=\"24\" height=\"24\" viewbox=\"0 0 24 24\" version=\"1.1\" xmlns=\"http:\/\/www.w3.org\/2000\/svg\" aria-hidden=\"true\" focusable=\"false\"><path d=\"M12.02,10.18v3.72v0.01h5.51c-0.26,1.57-1.67,4.22-5.5,4.22c-3.31,0-6.01-2.75-6.01-6.12s2.7-6.12,6.01-6.12 c1.87,0,3.13,0.8,3.85,1.48l2.84-2.76C16.99,2.99,14.73,2,12.03,2c-5.52,0-10,4.48-10,10s4.48,10,10,10c5.77,0,9.6-4.06,9.6-9.77 c0-0.83-0.11-1.42-0.25-2.05H12.02z\"><\/path><\/svg><span class=\"wp-block-social-link-label screen-reader-text\">Google<\/span><\/a><\/li><\/ul>\n<\/div>\n\n\n\n<div class=\"wp-block-column is-layout-flow wp-block-column-is-layout-flow\" style=\"flex-basis:50%\"><h1 style=\"line-height:3;text-transform:uppercase;\" class=\"has-text-align-center wp-block-site-title has-text-color has-black-color has-large-font-size\">ADELUNA  LUXURY VILLAS MONTEZUMA<\/h1><\/div>\n\n\n\n<div class=\"wp-block-column is-layout-flow wp-block-column-is-layout-flow\" style=\"flex-basis:25%\">\n<div style=\"height:0px\" aria-hidden=\"true\" class=\"wp-block-spacer\"><\/div>\n\n\n\n<div class=\"wp-block-buttons is-layout-flex wp-container-core-buttons-is-layout-168ce233 wp-block-buttons-is-layout-flex\">\n<div class=\"wp-block-button has-custom-width wp-block-button__width-100 has-custom-font-size has-small-font-size\"><a class=\"wp-block-button__link has-background-color has-black-background-color has-text-color has-background wp-element-button\" href=\"https:\/\/resnexus.com\/resnexus\/reservations\/book\/FA9427F3-F584-41E9-9F95-828D958B725E\" style=\"border-radius:14px;padding-top:3px;padding-right:3px;padding-bottom:3px;padding-left:3px\" target=\"_blank\" rel=\"noreferrer noopener\">RESERVA YA<\/a><\/div>\n<\/div>\n<\/div>\n<\/div>\n<\/div>\n<\/div>\n\n\n<nav class=\"is-responsive items-justified-center wp-block-navigation is-content-justification-center is-layout-flex wp-container-core-navigation-is-layout-a89b3969 wp-block-navigation-is-layout-flex\" aria-label=\"Main\" \n\t\t data-wp-interactive=\"core\/navigation\" data-wp-context='{\"overlayOpenedBy\":{\"click\":false,\"hover\":false,\"focus\":false},\"type\":\"overlay\",\"roleAttribute\":\"\",\"ariaLabel\":\"Men\\u00fa\"}'><button aria-haspopup=\"dialog\" aria-label=\"Abrir el men\u00fa\" class=\"wp-block-navigation__responsive-container-open\" \n\t\t\t\tdata-wp-on--click=\"actions.openMenuOnClick\"\n\t\t\t\tdata-wp-on--keydown=\"actions.handleMenuKeydown\"\n\t\t\t><svg width=\"24\" height=\"24\" xmlns=\"http:\/\/www.w3.org\/2000\/svg\" viewbox=\"0 0 24 24\" aria-hidden=\"true\" focusable=\"false\"><path d=\"M4 7.5h16v1.5H4z\"><\/path><path d=\"M4 15h16v1.5H4z\"><\/path><\/svg><\/button>\n\t\t\t\t<div class=\"wp-block-navigation__responsive-container\"  id=\"modal-1\" \n\t\t\t\tdata-wp-class--has-modal-open=\"state.isMenuOpen\"\n\t\t\t\tdata-wp-class--is-menu-open=\"state.isMenuOpen\"\n\t\t\t\tdata-wp-watch=\"callbacks.initMenu\"\n\t\t\t\tdata-wp-on--keydown=\"actions.handleMenuKeydown\"\n\t\t\t\tdata-wp-on--focusout=\"actions.handleMenuFocusout\"\n\t\t\t\ttabindex=\"-1\"\n\t\t\t>\n\t\t\t\t\t<div class=\"wp-block-navigation__responsive-close\" tabindex=\"-1\">\n\t\t\t\t\t\t<div class=\"wp-block-navigation__responsive-dialog\" \n\t\t\t\tdata-wp-bind--aria-modal=\"state.ariaModal\"\n\t\t\t\tdata-wp-bind--aria-label=\"state.ariaLabel\"\n\t\t\t\tdata-wp-bind--role=\"state.roleAttribute\"\n\t\t\t>\n\t\t\t\t\t\t\t<button aria-label=\"Cerrar el men\u00fa\" class=\"wp-block-navigation__responsive-container-close\" \n\t\t\t\tdata-wp-on--click=\"actions.closeMenuOnClick\"\n\t\t\t><svg xmlns=\"http:\/\/www.w3.org\/2000\/svg\" viewbox=\"0 0 24 24\" width=\"24\" height=\"24\" aria-hidden=\"true\" focusable=\"false\"><path d=\"m13.06 12 6.47-6.47-1.06-1.06L12 10.94 5.53 4.47 4.47 5.53 10.94 12l-6.47 6.47 1.06 1.06L12 13.06l6.47 6.47 1.06-1.06L13.06 12Z\"><\/path><\/svg><\/button>\n\t\t\t\t\t\t\t<div class=\"wp-block-navigation__responsive-container-content\" \n\t\t\t\tdata-wp-watch=\"callbacks.focusFirstElement\"\n\t\t\t id=\"modal-1-content\">\n\t\t\t\t\t\t\t\t<ul class=\"wp-block-navigation__container is-responsive items-justified-center wp-block-navigation\"><li class=\"wp-block-navigation-item wp-block-navigation-link\"><a class=\"wp-block-navigation-item__content\"  href=\"https:\/\/adelunacostarica.com\/es\/\"><span class=\"wp-block-navigation-item__label\">ADELUNA<\/span><\/a><\/li><li class=\"wp-block-navigation-item wp-block-navigation-link\"><a class=\"wp-block-navigation-item__content\"  href=\"https:\/\/adelunacostarica.com\/es\/home\/location\/\"><span class=\"wp-block-navigation-item__label\">UBICACI\u00d3N<\/span><\/a><\/li><li class=\"wp-block-navigation-item wp-block-navigation-link\"><a class=\"wp-block-navigation-item__content\"  href=\"https:\/\/adelunacostarica.com\/es\/home\/villas\/\"><span class=\"wp-block-navigation-item__label\">VILLAS<\/span><\/a><\/li><li class=\"wp-block-navigation-item wp-block-navigation-link\"><a class=\"wp-block-navigation-item__content\"  href=\"https:\/\/adelunacostarica.com\/es\/home\/contact\/\"><span class=\"wp-block-navigation-item__label\">CONTACTO<\/span><\/a><\/li><li class=\"wp-block-navigation-item wp-block-navigation-link\"><a class=\"wp-block-navigation-item__content\"  href=\"https:\/\/adelunacostarica.com\/es\/home\/486-2\/\"><span class=\"wp-block-navigation-item__label\">DESCUENTOS<\/span><\/a><\/li><\/ul>\n\t\t\t\t\t\t\t<\/div>\n\t\t\t\t\t\t<\/div>\n\t\t\t\t\t<\/div>\n\t\t\t\t<\/div><\/nav>\n\n\n<p class=\"has-text-align-center\">Montezuma es un pueblo de la provincia de Puntarenas, Costa Rica, ubicado cerca del extremo sur de la pen\u00ednsula de Nicoya, a 8 kil\u00f3metros del pueblo de C\u00f3bano. Ubicado en la pen\u00ednsula de Nicoya, Montezuma es un peque\u00f1o pueblo de playa conocido por su actitud bohemia y sus residentes art\u00edsticos. Est\u00e1 ubicado entre altos acantilados y una jungla donde los peque\u00f1os r\u00edos se vierten en arcos perfectos para crear estas pintorescas cascadas.<\/p>\n\n\n\n<p><\/p>\n\n\n\n<figure class=\"wp-block-video alignwide wp-block-embed is-type-video is-provider-videopress\"><div class=\"wp-block-embed__wrapper\">\n<iframe title=\"VideoPress Video Player\" aria-label='VideoPress Video Player' width='500' height='375' src='https:\/\/videopress.com\/embed\/fahlfjH0?cover=1&amp;preloadContent=metadata&amp;useAverageColor=1&amp;hd=0' frameborder='0' allowfullscreen data-resize-to-parent=\"true\" allow='clipboard-write'><\/iframe><script src='https:\/\/v0.wordpress.com\/js\/next\/videopress-iframe.js?m=1674852142'><\/script>\n<\/div><figcaption>According to Google Maps, tthe driving distance from San Jose to Montezuma is 92 miles (148 km). However, the aerial distance is shorter &#8211; approximately 114 km.<\/figcaption><\/figure>\n\n\n\n<p>If you&#8217;re looking to travel from San Jose to Montezuma, you have a few options. GetJet Airlines and Sansa Airlines both operate direct flights from San Jose. You can also take a bus from San Carlos bus station &#8211; they run twice a day at 6am and 2pm, and cost c 7000. Finally, if you&#8217;re driving, you can take the ferry from Puntarenas to Paquera and then drive on the highway towards Cobano, taking the detour to Montezuma. From there, it&#8217;s about 6.5km to Montezuma Beach Costa Rica. I hope this helps!<\/p>\n\n\n\n<p>Taking a plane is the best way to get from San Jose to Montezuma in the fastest time. The estimated flight time between the two destinations is only 30 minutes. However, it is important to factor in the time it takes to get to the airport, go through check-in and security. For domestic flights, it is best to arrive at least an hour before the flight, and two hours for an international flight. That way, you can make sure you catch your flight on time!<\/p>\n\n\n\n<p class=\"has-text-align-center\"><strong>Qu\u00e9 hacer en Montezuma: actividades<\/strong><\/p>\n\n\n\n<p class=\"has-text-align-center\"><br>Sounds like a great experience! Horseback riding along the beach in Montezuma is a unique way to experience the scenery. I&#8217;m sure the views are incredible! I suggest doing a bit of research to find a tour company that offers this activity. It&#8217;s important to make sure that the horses are healthy and well cared for, and that the tour guides are experienced with horseback riding. I&#8217;m sure you&#8217;ll have a wonderful time!<\/p>\n\n\n\n<p class=\"has-text-align-center\">If you&#8217;re looking for an exciting adventure in Montezuma, Costa Rica, why not consider renting a quad bike? Quad biking is a great way to explore the area and experience the beautiful scenery at your own pace. There are several rental companies in the area that offer quad bikes for rent, so you can find one that best fits your needs. Be sure to bring your driver&#8217;s license and a valid credit card in order to rent a quad bike. Most rental companies also provide safety helmets and other safety equipment, so make sure to ask about these before you rent your quad bike. For a truly unique experience, take a guided tour and explore the hidden gems of Montezuma with a local guide. Have a great time exploring Montezuma!<\/p>\n\n\n\n<p class=\"has-text-align-center\">Montezuma is a great place to visit with many things to do and see! You can enjoy whale watching on the Pacific coast between July and November, and December to March. The Osa Peninsula is the perfect place to go whale watching as it is in the extreme south of the country. Also, don&#8217;t miss out on the amazing bioluminescence phenomenon in Playa Rocas and Punta Cuchillo. This natural light show is produced by marine organisms and can be seen all year round on dark nights. It is an experience you won&#8217;t forget!<\/p>\n\n\n\n<p>Montezuma is a great place to visit if you&#8217;re looking for some outdoor fun! Here are a few of the activities you can do in Montezuma and its surroundings:<\/p>\n\n\n\n<ul class=\"wp-block-list\">\n<li>Visit Montezuma Falls: Hike the trail to Montezuma Falls, a spectacular 250-foot waterfall. You&#8217;ll also find a number of other smaller waterfalls and swimming holes along the way.<\/li>\n\n\n\n<li>Explore Montezuma Beach: Montezuma Beach is the closest beach to the center of town and has blue-green water, perfect for swimming and snorkeling.<\/li>\n\n\n\n<li>Visit Piedra Colorada: Piedra Colorada is a cove where a small waterfall forms a freshwater pool. Here you will find stone monoliths as well as brightly colored stones brought by the river of the same name.<\/li>\n\n\n\n<li>Explore Cabo Blanco Nature Reserve: This nature reserve is home to a variety of wildlife, including monkeys, toucans, and parrots. It&#8217;s a great spot for birdwatching and hiking.<\/li>\n\n\n\n<li>Go Ziplining: Montezuma is home to a number of zipline tours, providing a thrilling way to explore the rainforest canopy.<\/li>\n\n\n\n<li>Visit Montezuma Waterfall: Montezuma Waterfall is a stunning 250-foot waterfall that is a must-see in the area.<\/li>\n<\/ul>\n\n\n\n<p>Go Surfing: The beaches around Montezuma are some of the best surfing spots in Costa Rica. If you&#8217;re a beginner, you can take surf lessons at one of the nearby schools.<\/p>\n\n\n\n<div class=\"wp-block-group is-layout-constrained wp-block-group-is-layout-constrained\"><div>Not enough credits<\/div>\n<\/div>\n\n\n\n<p>So whether you&#8217;re looking for outdoor adventure, beach days, or a relaxing getaway, Montezuma has something for everyone. Enjoy your stay!<\/p>\n\n\n\n<p>Santa Teresa is an incredible place to visit! The beaches are stunning and the waves are perfect for those who love to surf. There are also lots of great restaurants, bars and cafes to explore. No matter what you&#8217;re looking for, Santa Teresa has something for everyone. Make sure to plan your trip early and book your accommodation in advance to get the best rates. I&#8217;m sure you&#8217;ll have a wonderful time in Santa Teresa!<\/p>\n<\/div>\n\n\n\n<div style=\"height:100px\" aria-hidden=\"true\" class=\"wp-block-spacer\"><\/div>\n\n\n\n<div class=\"wp-block-group is-layout-flow wp-block-group-is-layout-flow\">\n<div class=\"wp-block-jetpack-send-a-message\">\n<div class=\"wp-block-jetpack-whatsapp-button aligncenter is-color-dark\"><a class=\"whatsapp-block__button\" href=\"https:\/\/api.whatsapp.com\/send?phone=&amp;text=Hola%2C%20tengo%20tu%20informaci%C3%B3n%20de%20WhatsApp%20de%20tu%20web.\" style=\"background-color:#25D366;color:#fff\" target=\"_self\" rel=\"noopener noreferrer\">Chatea en WhatsApp<\/a><\/div>\n<\/div>\n\n\n\n<div class=\"wp-block-group is-layout-constrained wp-block-group-is-layout-constrained\">\n<div class=\"wp-block-jetpack-layout-grid column1-desktop-grid__span-12 column1-desktop-grid__row-1 column1-tablet-grid__span-8 column1-tablet-grid__row-1 column1-mobile-grid__span-4 column1-mobile-grid__row-1 wp-block-jetpack-layout-gutter__medium\">\n<div class=\"wp-block-jetpack-layout-grid-column wp-block-jetpack-layout-grid__padding-none\">\n<div class=\"wp-block-group is-content-justification-center is-nowrap is-layout-flex wp-container-core-group-is-layout-23441af8 wp-block-group-is-layout-flex\">\n<p><\/p>\n\n\n\n<div class=\"wp-block-group is-layout-constrained wp-block-group-is-layout-constrained\"><\/div>\n<\/div>\n<\/div>\n<\/div>\n\n\n\n<div class=\"wp-block-group is-layout-constrained wp-block-group-is-layout-constrained\"><\/div>\n<\/div>\n\n\n\n<p><\/p>\n<\/div>\n\n\n\n<div style=\"height:141px\" aria-hidden=\"true\" class=\"wp-block-spacer\"><\/div>","protected":false},"excerpt":{"rendered":"<p>Montezuma is a town in the province of Puntarenas, Costa Rica, located near the southern tip of the Nicoya Peninsula, 8 kilometers from the town of Cobano. Located on the Nicoya Peninsula, Montezuma is a small beach town known for its bohemian attitude and artistic residents. It is set within high cliffs and a jungle [&hellip;]<\/p>\n","protected":false},"author":222804407,"featured_media":0,"parent":2,"menu_order":1,"comment_status":"closed","ping_status":"closed","template":"blank","meta":{"advanced_seo_description":"","jetpack_seo_html_title":"","jetpack_seo_noindex":false,"two_page_speed":[],"footnotes":""},"class_list":["post-549","page","type-page","status-publish","hentry"],"jetpack_likes_enabled":false,"jetpack_sharing_enabled":true,"jetpack_shortlink":"https:\/\/wp.me\/Pe4kCJ-8R","jetpack-related-posts":[],"_links":{"self":[{"href":"https:\/\/adelunacostarica.com\/es\/wp-json\/wp\/v2\/pages\/549","targetHints":{"allow":["GET"]}}],"collection":[{"href":"https:\/\/adelunacostarica.com\/es\/wp-json\/wp\/v2\/pages"}],"about":[{"href":"https:\/\/adelunacostarica.com\/es\/wp-json\/wp\/v2\/types\/page"}],"author":[{"embeddable":true,"href":"https:\/\/adelunacostarica.com\/es\/wp-json\/wp\/v2\/users\/222804407"}],"replies":[{"embeddable":true,"href":"https:\/\/adelunacostarica.com\/es\/wp-json\/wp\/v2\/comments?post=549"}],"version-history":[{"count":70,"href":"https:\/\/adelunacostarica.com\/es\/wp-json\/wp\/v2\/pages\/549\/revisions"}],"predecessor-version":[{"id":1315,"href":"https:\/\/adelunacostarica.com\/es\/wp-json\/wp\/v2\/pages\/549\/revisions\/1315"}],"up":[{"embeddable":true,"href":"https:\/\/adelunacostarica.com\/es\/wp-json\/wp\/v2\/pages\/2"}],"wp:attachment":[{"href":"https:\/\/adelunacostarica.com\/es\/wp-json\/wp\/v2\/media?parent=549"}],"curies":[{"name":"wp","href":"https:\/\/api.w.org\/{rel}","templated":true}]}}